{"id":616,"date":"2012-09-10T15:16:14","date_gmt":"2012-09-10T15:16:14","guid":{"rendered":"http:\/\/127.0.0.1\/wpe\/?page_id=4"},"modified":"2025-04-23T02:20:59","modified_gmt":"2025-04-23T02:20:59","slug":"home","status":"publish","type":"page","link":"https:\/\/matsumotobp.com\/de\/","title":{"rendered":"Startseite"},"content":{"rendered":"<p><div class=\"textured-area textured-area-top-left one-third column alpha\"><div class=\"textured-area-content\">\n<h2>Reservieren<\/h2>\n<p>Sehr comfortabeles 6-bett Schlafsaal (gemischt oder nur f\u00fcr Frauen), nur 3500 yen!<br \/>\n\n<div class=\"wpcf7 no-js\" id=\"wpcf7-f1039-o3\" lang=\"\" dir=\"ltr\" data-wpcf7-id=\"1039\">\n<div class=\"screen-reader-response\"><p role=\"status\" aria-live=\"polite\" aria-atomic=\"true\"><\/p> <ul><\/ul><\/div>\n<form action=\"\/de\/wp-json\/wp\/v2\/pages\/616#wpcf7-f1039-o3\" method=\"post\" class=\"wpcf7-form init\" aria-label=\"Kontaktformular\" novalidate=\"novalidate\" data-status=\"init\">\n<fieldset class=\"hidden-fields-container\"><input type=\"hidden\" name=\"_wpcf7\" value=\"1039\" \/><input type=\"hidden\" name=\"_wpcf7_version\" value=\"6.1.2\" \/><input type=\"hidden\" name=\"_wpcf7_locale\" value=\"\" \/><input type=\"hidden\" name=\"_wpcf7_unit_tag\" value=\"wpcf7-f1039-o3\" \/><input type=\"hidden\" name=\"_wpcf7_container_post\" value=\"0\" \/><input type=\"hidden\" name=\"_wpcf7_posted_data_hash\" value=\"\" \/>\n<\/fieldset>\n<p>Type of Room (Required) :\n<\/p>\n<p><span class=\"wpcf7-form-control-wrap\" data-name=\"rome-type\"><select class=\"wpcf7-form-control wpcf7-select wpcf7-validates-as-required\" aria-required=\"true\" aria-invalid=\"false\" name=\"rome-type\"><option value=\"Mixed Dormitory\">Mixed Dormitory<\/option><option value=\"Female-only Dormitory\">Female-only Dormitory<\/option><option value=\"Private room (max four guests)\">Private room (max four guests)<\/option><option value=\"Twin\/Double\">Twin\/Double<\/option><option value=\"Standard Triple\">Standard Triple<\/option><option value=\"Standard Quad\">Standard Quad<\/option><\/select><\/span>\n<\/p>\n<p>Number of persons (required):\n<\/p>\n<p><span class=\"wpcf7-form-control-wrap\" data-name=\"Male\"><select class=\"wpcf7-form-control wpcf7-select wpcf7-validates-as-required gender\" aria-required=\"true\" aria-invalid=\"false\" name=\"Male\"><option value=\"No Male\">No Male<\/option><option value=\"1 Male\">1 Male<\/option><option value=\"2 Male\">2 Male<\/option><option value=\"3 Male\">3 Male<\/option><option value=\"4 Male\">4 Male<\/option><option value=\"Male Group\">Male Group<\/option><\/select><\/span><span class=\"wpcf7-form-control-wrap\" data-name=\"Female\"><select class=\"wpcf7-form-control wpcf7-select wpcf7-validates-as-required gender\" aria-required=\"true\" aria-invalid=\"false\" name=\"Female\"><option value=\"No Female\">No Female<\/option><option value=\"1 Female\">1 Female<\/option><option value=\"2 Female\">2 Female<\/option><option value=\"3 Female\">3 Female<\/option><option value=\"4 Female\">4 Female<\/option><option value=\"Female  Group\">Female  Group<\/option><\/select><\/span>\n<\/p>\n<p>Use the calendar to select all the nights of your stay:<span class=\"wpcf7-form-control-wrap\" data-name=\"dates\"><input size=\"40\" maxlength=\"400\" class=\"wpcf7-form-control wpcf7-text wpcf7-validates-as-required\" aria-required=\"true\" aria-invalid=\"false\" value=\"\" type=\"text\" name=\"dates\" \/><\/span>\n<\/p>\n<div style=\"position:relative\">\n\t<div class=\"ap-calendars-wrapper calendar-pop-up\" id=\"calendar-dates\"><input type=\"hidden\" class=\"ah-calendar-options\" value=\"{&quot;prevText&quot;:&quot;&amp;#9668;&quot;,&quot;nextText&quot;:&quot;&amp;#9658;&quot;,&quot;changeMonth&quot;:false,&quot;firstDay&quot;:1,&quot;minDate&quot;:0,&quot;maxDate&quot;:365,&quot;multiSelect&quot;:15,&quot;dateFormat&quot;:&quot;dd-mm-yyyy&quot;,&quot;onSelect&quot;:&quot;update_input_date&quot;}\" \/><input class=\"ah-calendars-data\" type=\"hidden\" value=\"{&quot;calendar-mixed-dormitory&quot;:[],&quot;calendar-private-room&quot;:[]}\" \/><div id=\"calendar-mixed-dormitory-name-dates\" class=\"ap-calendar calendar-for-mixed-dormitory\"><\/div><div id=\"calendar-private-room-name-dates\" class=\"ap-calendar calendar-for-private-room\"><\/div><div id=\"calendar-female-dormitory-name-dates\" class=\"ap-calendar calendar-for-female-dormitory\"><\/div><div id=\"calendar-twin-double-name-dates\" class=\"ap-calendar calendar-for-twin-double\"><\/div><p class=\"calendar-key\"><span class=\"calendar-key-selected-days\">&#9604;<\/span>&nbsp;&nbsp;your selection&nbsp;&nbsp;&nbsp;<span class=\"calendar-key-unavailable\">&#9604;<\/span>&nbsp;&nbsp;unavailable<a class=\"palace-button calendar-button-ok\" href=\"#\">OK<\/a><\/p><\/div>\n<\/div>\n<p>Your Name (required) :<br \/>\n<span class=\"wpcf7-form-control-wrap\" data-name=\"name\"><input size=\"40\" maxlength=\"400\" class=\"wpcf7-form-control wpcf7-text wpcf7-validates-as-required\" aria-required=\"true\" aria-invalid=\"false\" value=\"\" type=\"text\" name=\"name\" \/><\/span>\n<\/p>\n<p>Email (required):<br \/>\n<span class=\"wpcf7-form-control-wrap\" data-name=\"email\"><input size=\"40\" maxlength=\"400\" class=\"wpcf7-form-control wpcf7-email wpcf7-validates-as-required wpcf7-text wpcf7-validates-as-email\" aria-required=\"true\" aria-invalid=\"false\" value=\"\" type=\"email\" name=\"email\" \/><\/span>\n<\/p>\n<p>Phone Number (required) :<br \/>\n<span class=\"wpcf7-form-control-wrap\" data-name=\"phone\"><input size=\"40\" maxlength=\"400\" class=\"wpcf7-form-control wpcf7-text wpcf7-validates-as-required\" aria-required=\"true\" aria-invalid=\"false\" value=\"\" type=\"text\" name=\"phone\" \/><\/span>\n<\/p>\n<p>Prove you are human: :<span class=\"wpcf7-form-control-wrap\" data-name=\"quiz-449\"><label><span class=\"wpcf7-quiz-label\">1+1=?<\/span> <input size=\"40\" class=\"wpcf7-form-control wpcf7-quiz\" autocomplete=\"off\" aria-required=\"true\" aria-invalid=\"false\" type=\"text\" name=\"quiz-449\" \/><\/label><input type=\"hidden\" name=\"_wpcf7_quiz_answer_quiz-449\" value=\"a01696e4fdb233672d9e724f548a6e8c\" \/><\/span>\n<\/p>\n<p><input class=\"wpcf7-form-control wpcf7-submit has-spinner\" type=\"submit\" value=\"Send\" \/>\n<\/p><p style=\"display: none !important;\" class=\"akismet-fields-container\" data-prefix=\"_wpcf7_ak_\"><label>&#916;<textarea name=\"_wpcf7_ak_hp_textarea\" cols=\"45\" rows=\"8\" maxlength=\"100\"><\/textarea><\/label><input type=\"hidden\" id=\"ak_js_3\" name=\"_wpcf7_ak_js\" value=\"194\"\/><script>document.getElementById( \"ak_js_3\" ).setAttribute( \"value\", ( new Date() ).getTime() );<\/script><\/p><div class=\"wpcf7-response-output\" aria-hidden=\"true\"><\/div>\n<\/form>\n<\/div>\n<\/div><\/div><\/p>\n<div class=\"one-third column \">\n<h2>Matsumoto Backpackers Hostel<\/h2>\n<p style=\"text-align: justify;\"> MBP bietet allen ein bequemes Bett und die Chance, Geschichten mit anderen Reisenden zu teilen. Matsumoto BackPackers ist eine zentral gelegene Unterkunft in Matsumoto City, weniger als f\u00fcnf Minuten vom Bahnhof Matsumoto und direkt am Flu\u00df Metoba. Fast alle unsere G\u00e4ste sind jung oder jung geblieben, also komm zu uns f\u00fcr eine Nacht oder zwei. Alle unsere Zimmer sind mit traditionellen Strohmatten, so genannten \u00a8tatami\u00a8 ausggelegt. Die \u00a8Futon\u00a8-Betten sind dichte Matratzen direkt auf dem Boden mit einer luxuri\u00f6sen Decke, die dich bei jedem Wetter warm h\u00e4lt. Matsumoto BackPackers ist g\u00fcnstig gelegen im Zentrum von Matsumoto City in der Pr\u00e4fektur Nagano.<\/p>\n<h2>Warum sollen Sie bei MBP buchen?<\/h2>\n<p>Nat\u00fcrlich bieten wir eine bequeme Unterkunft, doch MBP ist auch ein Ort, an dem man sich mit anderen Reisenden treffen kann. Gemeinschaftsk\u00fcche, Aufenthaltsraum und Schlafs\u00e4le bieten viel Raum mit anderen G\u00e4sten ins Gespr\u00e4ch zu kommen. Diese G\u00e4ste suchen etwas anderes als \u00fcberteuerte und einsame Hotels. Wir bieten Gep\u00e4ckraum , einen Schl\u00fcsselcode am Eingang, kostenlose Getr\u00e4nke und waschen und trocknen sogar Ihre Kleidung f\u00fcr Sie! Unsere G\u00e4ste sind alle jung oder jung geblieben, also kommen und Sie Ihnen f\u00fcr eine Nacht oder zwei!<\/p>\n<\/div><br \/>\n<div class=\"one-third column omega\">\n<h2> Wo finden Sie uns? <\/h2>\n<p>Wir sind weniger als f\u00fcnf Minuten zu Fu\u00df vom Bahnhof Matsumoto entfernt. Es gibt zwei M\u00f6glichkeiten zu uns zu kommen:<br \/>\nA) Vom \u00a8West Alps\u00a8-Eingang des Bahnhofs Matsumoto aus:<br \/>\nAn der Ampel am Eingang biege man rechts ab, nach zwei Minuten hinter der n\u00e4chsten Ampel \u00fcberquere die Br\u00fccke und biege dann noch einmal rechts ab. Folge dem Flu\u00df &#8211; wir sind zwischen dem Flu\u00df und der \u00a8ABC\u00a8-Pachinko-Halle.<br \/>\nB) Bahnhof Matsumoto Haupteingang (Schlossseite).<br \/>\nLinks an Mo`s Burger vorbei bis zur n\u00e4chsten Ampel, an der Kreuzung links und dann unter den Schienen durch. \u00dcberquere dann \u00fcber die kleine Fu\u00dfg\u00e4ngerbr\u00fccke aus Holz den Flu\u00df, dann links unter den Bahnschienen hindurch &#8211; wir sind auf der rechten Seite neben der \u00a8ABC\u00a8-Pachinko-Halle.<\/p>\n<h2> \u00dcber Matsumoto <\/h2>\n<p>Matsumoto ist die kulturelle Hauptstadt der Provinz Nagano. Es ist ber\u00fchmt f\u00fcr seine Burg und die umliegenden Berge. Besucher Haben die Qual der Wahl, zwischen all den Dingen, die in der Gegend um Matsumoto also Chushin oder Zentral Nagano bekannt gemacht haben. Museen, Natur, l\u00e4ndliche Szenen und Himmelsfelder, eine Menge, die eifrige Besucher in einer ganzen Woche voller Abenteuer erleben k\u00f6nnen,alle mit Matsumoto Backpackers als komfortable Basis nat\u00fcrlich!<\/p>\n<\/div><div class=\"clear\"><\/div><\/p>\n<p>\r\n\t<div class=\"slideshow_container slideshow_container_style-light\" style=\"height: 400px; \" data-slideshow-id=\"1693\" data-style-name=\"style-light\" data-style-version=\"2.3.1\" >\r\n\r\n\t\t\t\t\t<div class=\"slideshow_loading_icon\"><\/div>\r\n\t\t\r\n\t\t<div class=\"slideshow_content\" style=\"display: none;\">\r\n\r\n\t\t\t<div class=\"slideshow_view\">\r\n\t\t\t\t<div class=\"slideshow_slide slideshow_slide_image\">\r\n\t\t\t\t\t\t\t\t\t\t\t<img src=\"https:\/\/matsumotobp.com\/wp-content\/uploads\/2015\/12\/DSC_4532.jpg\" alt=\"Matsumoto by night\" width=\"1556\" height=\"1035\" \/>\r\n\t\t\t\t\t\t\t\t\t\t<div class=\"slideshow_description_box slideshow_transparent\">\r\n\t\t\t\t\t\t<div class=\"slideshow_title\">Matsumoto by night<\/div>\t\t\t\t\t\t\t\t\t\t\t<\/div>\r\n\t\t\t\t<\/div>\r\n\r\n\t\t\t\t\t\t<div style=\"clear: both;\"><\/div><\/div><div class=\"slideshow_view\">\r\n\t\t\t\t<div class=\"slideshow_slide slideshow_slide_image\">\r\n\t\t\t\t\t\t\t\t\t\t\t<img src=\"https:\/\/matsumotobp.com\/wp-content\/uploads\/2015\/12\/DSC_4765.jpg\" alt=\"Matsumoto Backpackers hostel travel book common room\" width=\"1624\" height=\"1080\" \/>\r\n\t\t\t\t\t\t\t\t\t\t<div class=\"slideshow_description_box slideshow_transparent\">\r\n\t\t\t\t\t\t<div class=\"slideshow_title\">Travel books common room<\/div>\t\t\t\t\t\t\t\t\t\t\t<\/div>\r\n\t\t\t\t<\/div>\r\n\r\n\t\t\t\t\t\t<div style=\"clear: both;\"><\/div><\/div><div class=\"slideshow_view\">\r\n\t\t\t\t<div class=\"slideshow_slide slideshow_slide_image\">\r\n\t\t\t\t\t\t\t\t\t\t\t<img src=\"https:\/\/matsumotobp.com\/wp-content\/uploads\/2015\/12\/DSC_4727.jpg\" alt=\"Matsumoto Backpackers hostel room\" width=\"1021\" height=\"1535\" \/>\r\n\t\t\t\t\t\t\t\t\t\t<div class=\"slideshow_description_box slideshow_transparent\">\r\n\t\t\t\t\t\t<div class=\"slideshow_title\">Matsumoto Backpackers hostel room<\/div>\t\t\t\t\t\t\t\t\t\t\t<\/div>\r\n\t\t\t\t<\/div>\r\n\r\n\t\t\t\t\t\t<div style=\"clear: both;\"><\/div><\/div>\r\n\t\t<\/div>\r\n\r\n\t\t<div class=\"slideshow_controlPanel slideshow_transparent\" style=\"display: none;\"><ul><li class=\"slideshow_togglePlay\" data-play-text=\"Play\" data-pause-text=\"Pause\"><\/li><\/ul><\/div>\r\n\r\n\t\t<div class=\"slideshow_button slideshow_previous slideshow_transparent\" role=\"button\" data-previous-text=\"Previous\" style=\"display: none;\"><\/div>\r\n\t\t<div class=\"slideshow_button slideshow_next slideshow_transparent\" role=\"button\" data-next-text=\"Next\" style=\"display: none;\"><\/div>\r\n\r\n\t\t<div class=\"slideshow_pagination\" style=\"display: none;\" data-go-to-text=\"Go to slide\"><div class=\"slideshow_pagination_center\"><\/div><\/div>\r\n\r\n\t\t<!-- WordPress Slideshow Version 2.3.1 -->\r\n\r\n\t\t\t<\/div>\r\n\r\n<\/p>","protected":false},"excerpt":{"rendered":"","protected":false},"author":1,"featured_media":0,"parent":0,"menu_order":0,"comment_status":"closed","ping_status":"closed","template":"","meta":{"footnotes":""},"class_list":["post-616","page","type-page","status-publish","hentry"],"yoast_head":"<!-- This site is optimized with the Yoast SEO plugin v27.2 - https:\/\/yoast.com\/product\/yoast-seo-wordpress\/ -->\n<title>Matsumoto BackPackers Hostel - Home<\/title>\n<meta name=\"description\" content=\"Matsumoto Backpackers Hostel offers you traditional Japanese accomodation in central Japan. Private rooms and dormitory style rooms are available.\u00a0\" \/>\n<meta name=\"robots\" content=\"index, follow, max-snippet:-1, max-image-preview:large, max-video-preview:-1\" \/>\n<link rel=\"canonical\" href=\"https:\/\/matsumotobp.com\/\" \/>\n<meta property=\"og:locale\" content=\"de_DE\" \/>\n<meta property=\"og:type\" content=\"article\" \/>\n<meta property=\"og:title\" content=\"Matsumoto BackPackers Hostel - Home\" \/>\n<meta property=\"og:description\" content=\"Matsumoto Backpackers Hostel offers you traditional Japanese accomodation in central Japan. Private rooms and dormitory style rooms are available.\u00a0\" \/>\n<meta property=\"og:url\" content=\"https:\/\/matsumotobp.com\/\" \/>\n<meta property=\"og:site_name\" content=\"\u677e\u672c\u30d0\u30c3\u30af\u30d1\u30c3\u30ab\u30fc\u30ba\u3000Matsumoto BackPackers\" \/>\n<meta property=\"article:modified_time\" content=\"2025-04-23T02:20:59+00:00\" \/>\n<meta name=\"twitter:card\" content=\"summary_large_image\" \/>\n<meta name=\"twitter:label1\" content=\"Gesch\u00e4tzte Lesezeit\" \/>\n\t<meta name=\"twitter:data1\" content=\"5\u00a0Minuten\" \/>\n<script type=\"application\/ld+json\" class=\"yoast-schema-graph\">{\"@context\":\"https:\/\/schema.org\",\"@graph\":[{\"@type\":\"WebPage\",\"@id\":\"https:\/\/matsumotobp.com\/\",\"url\":\"https:\/\/matsumotobp.com\/\",\"name\":\"Matsumoto BackPackers Hostel - Home\",\"isPartOf\":{\"@id\":\"https:\/\/matsumotobp.com\/#website\"},\"primaryImageOfPage\":{\"@id\":\"https:\/\/matsumotobp.com\/#primaryimage\"},\"image\":{\"@id\":\"https:\/\/matsumotobp.com\/#primaryimage\"},\"thumbnailUrl\":\"http:\/\/www.tripadvisor.com.au\/img2\/widget\/logo_shadow_109x26.png\",\"datePublished\":\"2012-09-10T15:16:14+00:00\",\"dateModified\":\"2025-04-23T02:20:59+00:00\",\"description\":\"Matsumoto Backpackers Hostel offers you traditional Japanese accomodation in central Japan. Private rooms and dormitory style rooms are available.\u00a0\",\"breadcrumb\":{\"@id\":\"https:\/\/matsumotobp.com\/#breadcrumb\"},\"inLanguage\":\"de\",\"potentialAction\":[{\"@type\":\"ReadAction\",\"target\":[\"https:\/\/matsumotobp.com\/\"]}]},{\"@type\":\"ImageObject\",\"inLanguage\":\"de\",\"@id\":\"https:\/\/matsumotobp.com\/#primaryimage\",\"url\":\"http:\/\/www.tripadvisor.com.au\/img2\/widget\/logo_shadow_109x26.png\",\"contentUrl\":\"http:\/\/www.tripadvisor.com.au\/img2\/widget\/logo_shadow_109x26.png\"},{\"@type\":\"BreadcrumbList\",\"@id\":\"https:\/\/matsumotobp.com\/#breadcrumb\",\"itemListElement\":[{\"@type\":\"ListItem\",\"position\":1,\"name\":\"Home\",\"item\":\"https:\/\/matsumotobp.com\/\"},{\"@type\":\"ListItem\",\"position\":2,\"name\":\"Home\"}]},{\"@type\":\"WebSite\",\"@id\":\"https:\/\/matsumotobp.com\/#website\",\"url\":\"https:\/\/matsumotobp.com\/\",\"name\":\"\u677e\u672c\u30d0\u30c3\u30af\u30d1\u30c3\u30ab\u30fc\u30ba\u3000Matsumoto BackPackers\",\"description\":\"\u677e\u672c\u5e02\u306e\u4e00\u756a\u5bbf\u3067\u3059\u3002\",\"publisher\":{\"@id\":\"https:\/\/matsumotobp.com\/#organization\"},\"potentialAction\":[{\"@type\":\"SearchAction\",\"target\":{\"@type\":\"EntryPoint\",\"urlTemplate\":\"https:\/\/matsumotobp.com\/?s={search_term_string}\"},\"query-input\":{\"@type\":\"PropertyValueSpecification\",\"valueRequired\":true,\"valueName\":\"search_term_string\"}}],\"inLanguage\":\"de\"},{\"@type\":\"Organization\",\"@id\":\"https:\/\/matsumotobp.com\/#organization\",\"name\":\"Matsumoto Backpackers Hostel\",\"url\":\"https:\/\/matsumotobp.com\/\",\"logo\":{\"@type\":\"ImageObject\",\"inLanguage\":\"de\",\"@id\":\"https:\/\/matsumotobp.com\/#\/schema\/logo\/image\/\",\"url\":\"https:\/\/matsumotobp.com\/wp-content\/uploads\/2013\/01\/logo.png\",\"contentUrl\":\"https:\/\/matsumotobp.com\/wp-content\/uploads\/2013\/01\/logo.png\",\"width\":1256,\"height\":334,\"caption\":\"Matsumoto Backpackers Hostel\"},\"image\":{\"@id\":\"https:\/\/matsumotobp.com\/#\/schema\/logo\/image\/\"}}]}<\/script>\n<!-- \/ Yoast SEO plugin. -->","yoast_head_json":{"title":"Matsumoto BackPackers Hostel - Home","description":"Matsumoto Backpackers Hostel offers you traditional Japanese accomodation in central Japan. Private rooms and dormitory style rooms are available.\u00a0","robots":{"index":"index","follow":"follow","max-snippet":"max-snippet:-1","max-image-preview":"max-image-preview:large","max-video-preview":"max-video-preview:-1"},"canonical":"https:\/\/matsumotobp.com\/","og_locale":"de_DE","og_type":"article","og_title":"Matsumoto BackPackers Hostel - Home","og_description":"Matsumoto Backpackers Hostel offers you traditional Japanese accomodation in central Japan. Private rooms and dormitory style rooms are available.\u00a0","og_url":"https:\/\/matsumotobp.com\/","og_site_name":"\u677e\u672c\u30d0\u30c3\u30af\u30d1\u30c3\u30ab\u30fc\u30ba\u3000Matsumoto BackPackers","article_modified_time":"2025-04-23T02:20:59+00:00","twitter_card":"summary_large_image","twitter_misc":{"Gesch\u00e4tzte Lesezeit":"5\u00a0Minuten"},"schema":{"@context":"https:\/\/schema.org","@graph":[{"@type":"WebPage","@id":"https:\/\/matsumotobp.com\/","url":"https:\/\/matsumotobp.com\/","name":"Matsumoto BackPackers Hostel - Home","isPartOf":{"@id":"https:\/\/matsumotobp.com\/#website"},"primaryImageOfPage":{"@id":"https:\/\/matsumotobp.com\/#primaryimage"},"image":{"@id":"https:\/\/matsumotobp.com\/#primaryimage"},"thumbnailUrl":"http:\/\/www.tripadvisor.com.au\/img2\/widget\/logo_shadow_109x26.png","datePublished":"2012-09-10T15:16:14+00:00","dateModified":"2025-04-23T02:20:59+00:00","description":"Matsumoto Backpackers Hostel offers you traditional Japanese accomodation in central Japan. Private rooms and dormitory style rooms are available.\u00a0","breadcrumb":{"@id":"https:\/\/matsumotobp.com\/#breadcrumb"},"inLanguage":"de","potentialAction":[{"@type":"ReadAction","target":["https:\/\/matsumotobp.com\/"]}]},{"@type":"ImageObject","inLanguage":"de","@id":"https:\/\/matsumotobp.com\/#primaryimage","url":"http:\/\/www.tripadvisor.com.au\/img2\/widget\/logo_shadow_109x26.png","contentUrl":"http:\/\/www.tripadvisor.com.au\/img2\/widget\/logo_shadow_109x26.png"},{"@type":"BreadcrumbList","@id":"https:\/\/matsumotobp.com\/#breadcrumb","itemListElement":[{"@type":"ListItem","position":1,"name":"Home","item":"https:\/\/matsumotobp.com\/"},{"@type":"ListItem","position":2,"name":"Home"}]},{"@type":"WebSite","@id":"https:\/\/matsumotobp.com\/#website","url":"https:\/\/matsumotobp.com\/","name":"\u677e\u672c\u30d0\u30c3\u30af\u30d1\u30c3\u30ab\u30fc\u30ba\u3000Matsumoto BackPackers","description":"\u677e\u672c\u5e02\u306e\u4e00\u756a\u5bbf\u3067\u3059\u3002","publisher":{"@id":"https:\/\/matsumotobp.com\/#organization"},"potentialAction":[{"@type":"SearchAction","target":{"@type":"EntryPoint","urlTemplate":"https:\/\/matsumotobp.com\/?s={search_term_string}"},"query-input":{"@type":"PropertyValueSpecification","valueRequired":true,"valueName":"search_term_string"}}],"inLanguage":"de"},{"@type":"Organization","@id":"https:\/\/matsumotobp.com\/#organization","name":"Matsumoto Backpackers Hostel","url":"https:\/\/matsumotobp.com\/","logo":{"@type":"ImageObject","inLanguage":"de","@id":"https:\/\/matsumotobp.com\/#\/schema\/logo\/image\/","url":"https:\/\/matsumotobp.com\/wp-content\/uploads\/2013\/01\/logo.png","contentUrl":"https:\/\/matsumotobp.com\/wp-content\/uploads\/2013\/01\/logo.png","width":1256,"height":334,"caption":"Matsumoto Backpackers Hostel"},"image":{"@id":"https:\/\/matsumotobp.com\/#\/schema\/logo\/image\/"}}]}},"_links":{"self":[{"href":"https:\/\/matsumotobp.com\/de\/wp-json\/wp\/v2\/pages\/616","targetHints":{"allow":["GET"]}}],"collection":[{"href":"https:\/\/matsumotobp.com\/de\/wp-json\/wp\/v2\/pages"}],"about":[{"href":"https:\/\/matsumotobp.com\/de\/wp-json\/wp\/v2\/types\/page"}],"author":[{"embeddable":true,"href":"https:\/\/matsumotobp.com\/de\/wp-json\/wp\/v2\/users\/1"}],"replies":[{"embeddable":true,"href":"https:\/\/matsumotobp.com\/de\/wp-json\/wp\/v2\/comments?post=616"}],"version-history":[{"count":6,"href":"https:\/\/matsumotobp.com\/de\/wp-json\/wp\/v2\/pages\/616\/revisions"}],"predecessor-version":[{"id":1767,"href":"https:\/\/matsumotobp.com\/de\/wp-json\/wp\/v2\/pages\/616\/revisions\/1767"}],"wp:attachment":[{"href":"https:\/\/matsumotobp.com\/de\/wp-json\/wp\/v2\/media?parent=616"}],"curies":[{"name":"wp","href":"https:\/\/api.w.org\/{rel}","templated":true}]}}